{"id":3,"date":"2022-11-25T00:05:01","date_gmt":"2022-11-25T00:05:01","guid":{"rendered":"https:\/\/linkeducationandtravel.com\/mexico\/?page_id=3"},"modified":"2022-12-23T20:50:48","modified_gmt":"2022-12-23T20:50:48","slug":"privacy-policy","status":"publish","type":"page","link":"https:\/\/linkeducationandtravel.com\/mexico\/privacy-policy\/","title":{"rendered":"Pol\u00edticas de privacidad"},"content":{"rendered":"\n<h2 class=\"wp-block-heading\">1. RESPONSABLE DEL TRATAMIENTO DE SUS DATOS PERSONALES:<\/h2>\n\n\n\n<p><strong>ESTUDIOS INTERNACIONALES LINK TRAVEL S.A. de C.V.<\/strong>&nbsp;(denominada en lo sucesivo el \u201cResponsable\u201d) es responsable de recabar sus datos personales, del uso que se le d\u00e9 a los mismos y de su protecci\u00f3n, con domicilio en Avenida Quintana Roo Sur #529, Col. Francisco Murgu\u00eda (El Calvario), C.P. 50130, Toluca, Estado de M\u00e9xico, M\u00e9xico.<\/p>\n\n\n\n<h2 class=\"wp-block-heading\">2. DEPARTAMENTO DE DATOS PERSONALES:<\/h2>\n\n\n\n<p><strong>Domicilio:<\/strong><br><br><strong>Avenida Quintana Roo Sur #529, Col. Francisco Murgu\u00eda (El Calvario),<\/strong><br><br><strong>C.P. 50130, Toluca, Estado de M\u00e9xico, M\u00e9xico.<\/strong><br><br><strong>Correos electr\u00f3nicos: hola@linkeducationandtravel.com<\/strong><br><br><strong>Tel\u00e9fonos: 01 800 841 5465 y (722) 2 352370<\/strong><\/p>\n\n\n\n<h2 class=\"wp-block-heading\">3. FINALIDADES DEL TRATAMIENTO DE LOS DATOS PERSONALES:<\/h2>\n\n\n\n<p><strong>El tratamiento de los datos personales comprende, entre otras, las siguientes finalidades:<\/strong><\/p>\n\n\n\n<ul>\n<li>Analizar la candidatura del titular para participar en los diversos programas del Responsable;<\/li>\n\n\n\n<li>Celebrar los contratos correspondientes para la formalizaci\u00f3n de los servicios del Responsable as\u00ed como instrumentos jur\u00eddicos accesorios necesarios;<\/li>\n\n\n\n<li>Utilizarlos en cualquier tipo de acto o diligencia de cobranza judicial y\/o extrajudicial;<\/li>\n\n\n\n<li>Elaborar estad\u00edsticas y reportes de los servicios prestados por el Responsable con el objeto de llevar un control interno de dichos servicios as\u00ed como para dar seguimiento puntual de los mismos;<\/li>\n\n\n\n<li>Ofertarle nuevos productos o servicios del Responsable o empresas que forman parte del grupo al cual pertenece el Responsable, y;<\/li>\n\n\n\n<li>Cumplir con las obligaciones contractuales que el Responsable tenga con el titular.<\/li>\n<\/ul>\n\n\n\n<h2 class=\"wp-block-heading\">4. DATOS PERSONALES QUE RECABAMOS:<\/h2>\n\n\n\n<p>Para las finalidades antes mencionadas, podemos recabar sus datos personales de distinta formas: cuando usted nos lo proporciona directamente, o bien obteni\u00e9ndolos de manera indirecta, a trav\u00e9s de otras fuentes que se encuentran permitidas por la Ley. Recabamos sus datos personales de forma directa cuando usted mismo nos lo proporciona en persona, al llenar un formulario impreso, por correo electr\u00f3nico, a trav\u00e9s de un formato en l\u00ednea, telef\u00f3nicamente o a trav\u00e9s de cualquier otro medio. Los datos que obtenemos por estos medios pueden ser, entre otros los siguientes: Nombre, Direcci\u00f3n, Edad, Nacionalidad, etc.<\/p>\n\n\n\n<h2 class=\"wp-block-heading\">5. DATOS PERSONALES SENSIBLES, FINANCIEROS Y PATRIMONIALES QUE RECABAMOS:<\/h2>\n\n\n\n<p>La empresa tambi\u00e9n recaba, de ciertas personas y para algunos procesos espec\u00edficos datos personales sensibles, financieros y patrimoniales, entre los cuales se encuentran a manera de ejemplo los siguientes: Informaci\u00f3n m\u00e9dica, huellas digitales, religi\u00f3n, antecedentes penales, salario mensual, entre otros. Estos datos pueden ser recabados al titular a trav\u00e9s de cualquiera de los medios antes mencionados.<br><br>De conformidad a lo que establece el art\u00edculo 9 de la Ley Federal de Protecci\u00f3n de Datos Personales en Posesi\u00f3n de los Particulares, cuando la empresa recabe de usted tales datos, le ser\u00e1 requerido su consentimiento expreso para el tratamiento de estos datos, por lo que le solicitaremos que, en su momento, indique si acepta o no el tratamiento, y en caso de aceptarlo, nos proporcione este documento debidamente firmado.<\/p>\n\n\n\n<h2 class=\"wp-block-heading\">6. OPCIONES Y MEDIOS PARA LIMITAR EL USO O DIVULGACI\u00d3N DE DATOS PERSONALES:<\/h2>\n\n\n\n<p>Usted puede dejar de recibir mensajes por correo electr\u00f3nico, impresos, por tel\u00e9fono fijo o celular comunic\u00e1ndose al departamento de datos personales.<\/p>\n\n\n\n<h2 class=\"wp-block-heading\">7. MEDIOS PARA EJERCER LOS DERECHOS DE ACCESO, RECTIFICACI\u00d3N, CANCELACI\u00d3N U OPOSICI\u00d3N:<\/h2>\n\n\n\n<p>Usted tiene el derecho de acceder a sus datos personales que poseemos y a los detalles del tratamiento de los mismos, as\u00ed como a rectificarlos en caso de ser inexactos o incompletos; cancelarlos cuando resulten ser excesivos o innecesarios para las finalidades que justificaron su obtenci\u00f3n u oponerse al tratamiento de los mismos para fines espec\u00edficos.<br><br>Los mecanismos que se han implementado para el ejercicio de dichos derechos son a trav\u00e9s de la presentaci\u00f3n de la solicitud respectiva a nuestro Departamento de Datos Personales, ya sea personalmente en la direcci\u00f3n del mismo o enviando un correo electr\u00f3nico al se\u00f1alado previamente.<br><br>Para mayor informaci\u00f3n, favor de comunicarse al departamento de datos personales, en los tel\u00e9fonos y correos electr\u00f3nicos se\u00f1alados anteriormente.<\/p>\n\n\n\n<h2 class=\"wp-block-heading\">8. MECANISMOS Y PROCEDIMIENTOS PARA QUE EL TITULAR, EN SU CASO, REVOQUE SU CONSENTIMIENTO EN CUALQUIER MOMENTO:<\/h2>\n\n\n\n<p>En cualquier momento del tratamiento usted podr\u00e1 revocar el consentimiento que ha otorgado para el tratamiento de sus datos, para ello es necesario que se comunique al departamento de protecci\u00f3n de datos donde le ser\u00e1 indicado el procedimiento que debe seguir para realizar la revocaci\u00f3n de su consentimiento. Le pedimos considerar que no podr\u00e1 revocar el consentimiento si desea que subsista la relaci\u00f3n contractual con el Responsable.<\/p>\n\n\n\n<h2 class=\"wp-block-heading\">9. TRANSFERENCIAS DE DATOS PERSONALES DENTRO DE M\u00c9XICO Y AL EXTRANJERO:<\/h2>\n\n\n\n<p>Sus datos personales pueden ser transferidos y tratados dentro y fuera del pa\u00eds, a autoridades, personas, y a cualquiera de nuestras filiales, subsidiarias, as\u00ed como cualquier sociedad matriz o sociedad del grupo a nivel mundial. Estas transferencias incluyen las necesarias para la prestaci\u00f3n de nuestros servicios, como es a escuelas, universidades e instituciones educativas miembros del grupo de empresas del Responsable.<br><br>Asimismo, transferimos sus datos a proveedores de servicios del Responsable, tales como mensajer\u00eda, familias en otras jurisdicciones que participan en nuestros programas de alojamiento para los titulares, entre otros que nos permite cumplir con las obligaciones contractuales con usted.<br><br>En ese sentido, su informaci\u00f3n puede ser compartida con filiales o subsidiarias, para las finalidades citadas en este aviso de privacidad.<br><br>Nos comprometemos a no transferir su informaci\u00f3n personal a terceros sin su consentimiento, salvo las excepciones previstas en el art\u00edculo 37 de la Ley Federal de Protecci\u00f3n de Datos Personales en Posesi\u00f3n de los Particulares, as\u00ed como a realizar esta transferencia en los t\u00e9rminos que fija esa ley.<\/p>\n\n\n\n<h2 class=\"wp-block-heading\">10. MEDIDAS DE SEGURIDAD IMPLEMENTADAS:<\/h2>\n\n\n\n<p>Para la protecci\u00f3n de sus datos personales hemos instrumentados medidas de seguridad de car\u00e1cter administrativo, f\u00edsico y t\u00e9cnico con el objeto de evitar p\u00e9rdidas, mal uso o alteraci\u00f3n de su informaci\u00f3n.<br><br>Cuando comunicamos o compartimos su informaci\u00f3n con terceros que nos prestan alg\u00fan servicio, requerimos y verificamos que cuenten con las medidas de seguridad necesarias para proteger sus datos personales, prohibiendo el uso de su informaci\u00f3n personal para fines distintos a los encargados.<\/p>\n\n\n\n<h2 class=\"wp-block-heading\">11. USO DE C\u00c1MARAS DE FILMACI\u00d3N Y\/O VIDEO VIGILANCIA.<\/h2>\n\n\n\n<p>Se les hace del conocimiento que dentro de las instalaciones del responsable existen c\u00e1maras de filmaci\u00f3n y\/o video vigilancia las cuales son utilizadas con la \u00fanica finalidad de salvaguardar la integridad de los clientes y de los trabajadores de la responsable; y para el caso de que las autoridades correspondientes nos requieran evidencia en caso de la comisi\u00f3n de alg\u00fan acto il\u00edcito; siendo la responsable la encargada de uso y destino que se de a las videograbaciones.<\/p>\n\n\n\n<h2 class=\"wp-block-heading\">12. MODIFICACIONES AL AVISO DE PRIVACIDAD:<\/h2>\n\n\n\n<p>Nos reservamos el derecho de efectuar en cualquier momento modificaciones o actualizaciones al presente aviso de privacidad, para la atenci\u00f3n de novedades legislativas o jurisprudenciales, pol\u00edticas internas, nuevos requerimientos para la prestaci\u00f3n u ofrecimiento de nuestros servicios o productos y pr\u00e1cticas del mercado.<br><br>Estas modificaciones estar\u00e1n disponibles al p\u00fablico a trav\u00e9s de los siguientes medios: (i) anuncios visibles en nuestras oficinas o centros de trabajo; (ii) tr\u00edpticos o folletos disponibles en nuestras oficinas o centros de trabajo; (iii) en nuestra p\u00e1gina de Internet www.estudiaviajando.com.mx; (iv) o se las haremos llegar al \u00faltimo correo electr\u00f3nico que nos haya proporcionado.<\/p>\n\n\n\n<h2 class=\"wp-block-heading\">13. DERECHO DE PROMOVER LOS PROCEDIMIENTOS DE PROTECCI\u00d3N DE DERECHOS Y DE VERIFICACI\u00d3N QUE SUSTANCIA EL INSTITUTO:<\/h2>\n\n\n\n<p>Si usted considera que su derecho ha sido lesionado por alguna conducta de nuestros empleados o de nuestras actuaciones o respuestas, presume que en el tratamiento de sus datos personales existe alguna violaci\u00f3n a las disposiciones previstas en la Ley Federal de Protecci\u00f3n de Datos Personales en Posesi\u00f3n de los Particulares, podr\u00e1 interponer la queja o denuncia correspondiente ante el IFAI, para mayor informaci\u00f3n&nbsp;<strong>visite www.ifai.org.mx.<\/strong><\/p>\n\n\n\n<p>El Titular estoy de acuerdo con el presente aviso de privacidad y otorgo mi consentimiento para el tratamiento de mis datos personales.<\/p>\n","protected":false},"excerpt":{"rendered":"<p>1. RESPONSABLE DEL TRATAMIENTO DE SUS DATOS PERSONALES: ESTUDIOS INTERNACIONALES LINK TRAVEL S.A. de C.V.&nbsp;(denominada en lo sucesivo el \u201cResponsable\u201d) es responsable de recabar sus datos personales, del uso que se le d\u00e9 a los mismos y de su protecci\u00f3n, con domicilio en Avenida Quintana Roo Sur #529, Col. Francisco Murgu\u00eda (El Calvario), C.P. 50130, [&hellip;]<\/p>\n","protected":false},"author":1,"featured_media":0,"parent":0,"menu_order":0,"comment_status":"closed","ping_status":"open","template":"","meta":{"_acf_changed":false,"inline_featured_image":false,"footnotes":""},"acf":[],"aioseo_notices":[],"_links":{"self":[{"href":"https:\/\/linkeducationandtravel.com\/mexico\/wp-json\/wp\/v2\/pages\/3"}],"collection":[{"href":"https:\/\/linkeducationandtravel.com\/mexico\/wp-json\/wp\/v2\/pages"}],"about":[{"href":"https:\/\/linkeducationandtravel.com\/mexico\/wp-json\/wp\/v2\/types\/page"}],"author":[{"embeddable":true,"href":"https:\/\/linkeducationandtravel.com\/mexico\/wp-json\/wp\/v2\/users\/1"}],"replies":[{"embeddable":true,"href":"https:\/\/linkeducationandtravel.com\/mexico\/wp-json\/wp\/v2\/comments?post=3"}],"version-history":[{"count":1,"href":"https:\/\/linkeducationandtravel.com\/mexico\/wp-json\/wp\/v2\/pages\/3\/revisions"}],"predecessor-version":[{"id":637,"href":"https:\/\/linkeducationandtravel.com\/mexico\/wp-json\/wp\/v2\/pages\/3\/revisions\/637"}],"wp:attachment":[{"href":"https:\/\/linkeducationandtravel.com\/mexico\/wp-json\/wp\/v2\/media?parent=3"}],"curies":[{"name":"wp","href":"https:\/\/api.w.org\/{rel}","templated":true}]}}